{"id":947,"date":"2017-04-21T01:03:54","date_gmt":"2017-04-21T01:03:54","guid":{"rendered":"http:\/\/sscclabels.com\/?page_id=947\/"},"modified":"2017-05-01T18:00:27","modified_gmt":"2017-05-01T18:00:27","slug":"edi","status":"publish","type":"page","link":"http:\/\/sscclabels.com\/fr\/edi\/","title":{"rendered":"EDI"},"content":{"rendered":"<p><strong>Qu\u2019est ce que l\u2019EDI?<\/strong><\/p>\n<p>L\u2019acronyme EDI signifie Echange de Donn\u00e9es Electronique. C\u2019est une norme internationale pour l\u2019\u00e9change \u00e9lectronique de documents d\u2019affaire (bon de commande, facture, bon de r\u00e9ception, pr\u00e9avis d\u2019exp\u00e9dition). L\u2019\u00e9change s\u2019effectue entre deux soci\u00e9t\u00e9s, des partenaires commerciaux, l\u2019acheteur et le fournisseur.<\/p>\n<p>&nbsp;<\/p>\n<p><strong>Les normes EDI<\/strong><\/p>\n<p>Pour communiquer avec vos partenaires via EDI, il est important de d\u00e9finir au pr\u00e9alable quelles normes utiliser pour vos \u00e9changes. En effet cela impacte sur la structure des notifications EDI et des proc\u00e9dures \u00e0 suivre.<\/p>\n<p>EDI est utilis\u00e9 depuis plus de 30 ans et il existe plusieurs normes EDI chacune propre \u00e0 une industrie ou \u00e0 une r\u00e9gion du monde. Les normes EDI le plus couramment utilis\u00e9es sont\u00a0:<\/p>\n<p>&nbsp;<\/p>\n\n<ul class=\"nav nav-tabs sc_tabs kt-tabs kt-sc-tabs kt-tabs-style1\"><li class=\"active\"><a href=\"#sctab29630\">ANSI<\/a><\/li>\n<li class=\"\"><a href=\"#sctab29631\">UN\/EDIFACT<\/a><\/li>\n<li class=\"\"><a href=\"#sctab29632\">EANCOM<\/a><\/li>\n<li class=\"\"><a href=\"#sctab29633\">ODETTE<\/a><\/li>\n<li class=\"\"><a href=\"#sctab29634\">TRADACOMS<\/a><\/li>\n<li class=\"\"><a href=\"#sctab29635\">VDA<\/a><\/li>\n<li class=\"\"><a href=\"#sctab29636\">HL7<\/a><\/li><\/ul> <div class=\"tab-content kt-tab-content postclass\"><div class=\"tab-pane clearfix active\" id=\"sctab29630\">\n<p>La norme ANSI ASC X12 (X12) est la principale norme utilis\u00e9e en Am\u00e9rique du Nord.<\/p>\n<\/div>\n<div class=\"tab-pane clearfix \" id=\"sctab29631\">\n<p>Recommand\u00e9 \u00a0par les Nations Unies UN, UN \/ EDIFACT est la norme internationale et est la plus r\u00e9pandue en dehors de l\u2019Am\u00e9rique du Nord.<br \/>\n<\/div>\n<div class=\"tab-pane clearfix \" id=\"sctab29632\">\n<p>EANCOM est un ensemble de normes mis au point par GS1. Cette norme occupe une position dominante dans le secteur Global Supply Chains.<\/p>\n<\/div>\n<div class=\"tab-pane clearfix \" id=\"sctab29633\">\n<p>La norme ODETTE est utilis\u00e9e dans l\u2019industrie automobile europ\u00e9ene.<\/p>\n<\/div>\n<div class=\"tab-pane clearfix \" id=\"sctab29634\">\n<p>La norme TRADACOMS a \u00e9t\u00e9 d\u00e9velopp\u00e9e par l\u2019ANA (Article Number Association) aujourd\u2019hui connu sous le nom GS1 UK. L\u2019utilisation de cette norme est tr\u00e8s r\u00e9pandue dans le secteur du commerce britannique.<\/p>\n<\/div>\n<div class=\"tab-pane clearfix \" id=\"sctab29635\">\n<p>La norme ODETTE est utilis\u00e9e dans l\u2019industrie automobile allemand.<\/p>\n<\/div>\n<div class=\"tab-pane clearfix \" id=\"sctab29636\">\n<p>HL7 est une norme internationale pour l\u2019\u00e9change \u00e9lectronique d\u2019informations m\u00e9dicales, financi\u00e8res et administratives dans le secteur de la sant\u00e9.<\/p>\n<\/div><\/div>\n\n<p>&nbsp;<\/p>\n<p><strong>Quels sont les avantages de l\u2019EDI?<\/strong><\/p>\n<p>La transition d\u2019\u00e9change de documents papiers vers des \u00e9changes de documents digitaux offre de nombreux avantages. Les organisations utilisant l\u2019EDI r\u00e9duisent leurs co\u00fbts, traitent leurs commandes plus rapidement, minimisent le risque d\u2019erreur lors de la saisie de donn\u00e9es et enfin am\u00e9liore leurs relations d\u2019affaire avec leurs partenaires commerciaux.<strong>\u00a0\u00a0 <\/strong><\/p>\n<p>&nbsp;<\/p>\n<p><strong>Pourquoi utiliser nos services EDI\u00a0?<\/strong><\/p>\n<ul>\n<li>EDI en mode cloud.<\/li>\n<li>Mise en service rapide et facile pour\u00a0cr\u00e9er, envoyer et recevoir vos messages EDI.<\/li>\n<li>L&rsquo;\u00e9change directe vers de nombreux syst\u00e8mes de gestion comme:<\/li>\n<\/ul>\n<p>(Afas (Profit) Account View, Abacus, Baan Triton LN, Davanti, Dimasys \/ Informat, Globe, King, Mamut, Minox, Multivers, Microsoft Dynamics AX (Axapta), Microsoft Dynamics NAV (Navision), Omnivers, ReflexSystems , Knight, SAP and SAP Business One eva)<\/p>\n<ul>\n<li>Pas d\u2019investissement n\u00e9cessaire en logiciel.<\/li>\n<li>Ind\u00e9pendant de la plateforme utilis\u00e9e.<\/li>\n<\/ul>\n<p>&nbsp;<\/p>\n<p><span style=\"color: #ff6600;\"><strong>Nos offres<\/strong><\/span><\/p>\n<p>\u00c0 partir de \u20ac75 par mois, on vous offre:<\/p>\n<ul>\n<li>L\u2019envoi et la r\u00e9ception des messages EDI.<\/li>\n<li>L&rsquo;\u00e9change des documents directement dans votre syst\u00e8me de gestion.<\/li>\n<li>Cr\u00e9ation\u00a0d\u2019\u00e9tiquettes GS1 pour palette au format SSCC.<\/li>\n<\/ul>\n<p>&nbsp;<\/p>\n<p>Rapide et simple!<\/p>\n<p>Notre \u00e9quipe sera \u00e0 votre disposition pour r\u00e9pondre toutes questions concernant nos services SSCC et EDI.<\/p>\n<p>&nbsp;<\/p>\n<p>&nbsp;<\/p>\n","protected":false},"excerpt":{"rendered":"<p>Qu\u2019est ce que l\u2019EDI? L\u2019acronyme EDI signifie Echange de Donn\u00e9es Electronique. C\u2019est une norme internationale pour l\u2019\u00e9change \u00e9lectronique de documents d\u2019affaire (bon de commande, facture, bon de r\u00e9ception, pr\u00e9avis d\u2019exp\u00e9dition). L\u2019\u00e9change s\u2019effectue entre deux soci\u00e9t\u00e9s, des partenaires commerciaux, l\u2019acheteur et &hellip; <a href=\"http:\/\/sscclabels.com\/fr\/edi\/\">Lire la suite<\/a><\/p>\n","protected":false},"author":1,"featured_media":0,"parent":0,"menu_order":0,"comment_status":"closed","ping_status":"closed","template":"","meta":{"footnotes":""},"yoast_head":"<!-- This site is optimized with the Yoast SEO plugin v15.7 - https:\/\/yoast.com\/wordpress\/plugins\/seo\/ -->\n<title>EDI - SSCCLabels.com<\/title>\n<meta name=\"description\" content=\"SSCCLabels.com: direct SSCC labels nodig?\" \/>\n<meta name=\"robots\" content=\"index, follow, max-snippet:-1, max-image-preview:large, max-video-preview:-1\" \/>\n<link rel=\"canonical\" href=\"http:\/\/sscclabels.com\/fr\/edi\/\" \/>\n<meta property=\"og:locale\" content=\"fr_FR\" \/>\n<meta property=\"og:type\" content=\"article\" \/>\n<meta property=\"og:title\" content=\"EDI - SSCCLabels.com\" \/>\n<meta property=\"og:description\" content=\"SSCCLabels.com: direct SSCC labels nodig?\" \/>\n<meta property=\"og:url\" content=\"http:\/\/sscclabels.com\/fr\/edi\/\" \/>\n<meta property=\"og:site_name\" content=\"SSCCLabels.com\" \/>\n<meta property=\"article:modified_time\" content=\"2017-05-01T18:00:27+00:00\" \/>\n<meta name=\"twitter:card\" content=\"summary_large_image\" \/>\n<meta name=\"twitter:site\" content=\"@sscclabels\" \/>\n<meta name=\"twitter:label1\" content=\"Dur\u00e9e de lecture est.\">\n\t<meta name=\"twitter:data1\" content=\"3 minutes\">\n<script type=\"application\/ld+json\" class=\"yoast-schema-graph\">{\"@context\":\"https:\/\/schema.org\",\"@graph\":[{\"@type\":\"Organization\",\"@id\":\"http:\/\/sscclabels.com\/#organization\",\"name\":\"SSCCLabels.com\",\"url\":\"http:\/\/sscclabels.com\/\",\"sameAs\":[\"https:\/\/www.linkedin.com\/in\/sscclabels\/en\",\"https:\/\/twitter.com\/sscclabels\"],\"logo\":{\"@type\":\"ImageObject\",\"@id\":\"http:\/\/sscclabels.com\/#logo\",\"inLanguage\":\"fr-FR\",\"url\":\"http:\/\/sscclabels.com\/wp-content\/uploads\/2016\/01\/SSCCLABELS_LOGO_RGB_WEB_2015.png\",\"width\":251,\"height\":49,\"caption\":\"SSCCLabels.com\"},\"image\":{\"@id\":\"http:\/\/sscclabels.com\/#logo\"}},{\"@type\":\"WebSite\",\"@id\":\"http:\/\/sscclabels.com\/#website\",\"url\":\"http:\/\/sscclabels.com\/\",\"name\":\"SSCCLabels.com\",\"description\":\"snel en eenvoudig SSCC labels bestellen\",\"publisher\":{\"@id\":\"http:\/\/sscclabels.com\/#organization\"},\"potentialAction\":[{\"@type\":\"SearchAction\",\"target\":\"http:\/\/sscclabels.com\/?s={search_term_string}\",\"query-input\":\"required name=search_term_string\"}],\"inLanguage\":\"fr-FR\"},{\"@type\":\"WebPage\",\"@id\":\"http:\/\/sscclabels.com\/fr\/edi\/#webpage\",\"url\":\"http:\/\/sscclabels.com\/fr\/edi\/\",\"name\":\"EDI - SSCCLabels.com\",\"isPartOf\":{\"@id\":\"http:\/\/sscclabels.com\/#website\"},\"datePublished\":\"2017-04-21T01:03:54+00:00\",\"dateModified\":\"2017-05-01T18:00:27+00:00\",\"description\":\"SSCCLabels.com: direct SSCC labels nodig?\",\"breadcrumb\":{\"@id\":\"http:\/\/sscclabels.com\/fr\/edi\/#breadcrumb\"},\"inLanguage\":\"fr-FR\",\"potentialAction\":[{\"@type\":\"ReadAction\",\"target\":[\"http:\/\/sscclabels.com\/fr\/edi\/\"]}]},{\"@type\":\"BreadcrumbList\",\"@id\":\"http:\/\/sscclabels.com\/fr\/edi\/#breadcrumb\",\"itemListElement\":[{\"@type\":\"ListItem\",\"position\":1,\"item\":{\"@type\":\"WebPage\",\"@id\":\"http:\/\/sscclabels.com\/fr\/\",\"url\":\"http:\/\/sscclabels.com\/fr\/\",\"name\":\"SSCCLabels.com\"}},{\"@type\":\"ListItem\",\"position\":2,\"item\":{\"@type\":\"WebPage\",\"@id\":\"http:\/\/sscclabels.com\/fr\/edi\/\",\"url\":\"http:\/\/sscclabels.com\/fr\/edi\/\",\"name\":\"EDI\"}}]}]}<\/script>\n<!-- \/ Yoast SEO plugin. -->","_links":{"self":[{"href":"http:\/\/sscclabels.com\/fr\/wp-json\/wp\/v2\/pages\/947"}],"collection":[{"href":"http:\/\/sscclabels.com\/fr\/wp-json\/wp\/v2\/pages"}],"about":[{"href":"http:\/\/sscclabels.com\/fr\/wp-json\/wp\/v2\/types\/page"}],"author":[{"embeddable":true,"href":"http:\/\/sscclabels.com\/fr\/wp-json\/wp\/v2\/users\/1"}],"replies":[{"embeddable":true,"href":"http:\/\/sscclabels.com\/fr\/wp-json\/wp\/v2\/comments?post=947"}],"version-history":[{"count":5,"href":"http:\/\/sscclabels.com\/fr\/wp-json\/wp\/v2\/pages\/947\/revisions"}],"predecessor-version":[{"id":1019,"href":"http:\/\/sscclabels.com\/fr\/wp-json\/wp\/v2\/pages\/947\/revisions\/1019"}],"wp:attachment":[{"href":"http:\/\/sscclabels.com\/fr\/wp-json\/wp\/v2\/media?parent=947"}],"curies":[{"name":"wp","href":"https:\/\/api.w.org\/{rel}","templated":true}]}}