{"id":949,"date":"2017-04-21T01:07:44","date_gmt":"2017-04-21T01:07:44","guid":{"rendered":"http:\/\/sscclabels.com\/?page_id=949\/"},"modified":"2020-10-02T20:08:37","modified_gmt":"2020-10-02T20:08:37","slug":"etiquettes-sscc-gratuites","status":"publish","type":"page","link":"http:\/\/sscclabels.com\/fr\/etiquettes-sscc-gratuites\/","title":{"rendered":"Commandez aujourd&rsquo;hui vos \u00e9tiquettes SSCC"},"content":{"rendered":"\n<div class=\"wp-block-columns is-layout-flex wp-container-core-columns-layout-1 wp-block-columns-is-layout-flex\">\n<div class=\"wp-block-column is-layout-flow wp-block-column-is-layout-flow\">\n<h5 class=\"has-pinnacle-primary-color has-text-color wp-block-heading\"><strong>Forfait mensuel \u00e0 10\u20ac<\/strong><\/h5>\n\n\n\n<ul><li>commande des \u00e9tiquettes \u00e0 volont\u00e9.<\/li><li>pas d&rsquo;autres charges.<\/li><\/ul>\n\n\n\n<p><strong>Remplissez notre fiche de contact et nous vous appelons au plus vite!<\/strong><\/p>\n\n\n\n<hr class=\"wp-block-separator\"\/>\n\n\n\n<h5 class=\"has-pinnacle-primary-color has-text-color wp-block-heading\"><strong>Vos avantages:<\/strong><\/h5>\n\n\n\n<ul><li>Commencez d\u00e8s aujourd&rsquo;hui avec SSCC, ne n\u00e9cessite aucun investissement initial au logiciel EDI.<\/li><li>Economisez jusqu\u2019\u00e0 80% sur vos co\u00fbts logistiques!<\/li><li>Notre service inclut l\u2019impl\u00e9mentation du syst\u00e8me d\u2019\u00e9tiquettes SSCC dans votre organisation.<\/li><li>Nos services sont adapt\u00e9s pour tout type d\u2019organisation.<\/li><\/ul>\n<\/div>\n\n\n\n<div class=\"wp-block-column is-layout-flow wp-block-column-is-layout-flow\">\n<h5 class=\"has-text-align-center has-white-color has-pinnacle-primary-background-color has-text-color has-background wp-block-heading\"><strong>Vos Coordonn\u00e9es<\/strong><\/h5>\n\n\n<div class=\"wpforms-container wpforms-container-full wpforms-block\" id=\"wpforms-1089\"><form id=\"wpforms-form-1089\" class=\"wpforms-validate wpforms-form\" data-formid=\"1089\" method=\"post\" enctype=\"multipart\/form-data\" action=\"\/fr\/wp-json\/wp\/v2\/pages\/949\" data-token=\"558c6b0f90981b641ac448f19eb321c8\"><noscript class=\"wpforms-error-noscript\">Veuillez activer JavaScript dans votre navigateur pour remplir ce formulaire.<\/noscript><div class=\"wpforms-field-container\"><div id=\"wpforms-1089-field_0-container\" class=\"wpforms-field wpforms-field-name\" data-field-id=\"0\"><label class=\"wpforms-field-label\" for=\"wpforms-1089-field_0\">Nom et prenom <span class=\"wpforms-required-label\">*<\/span><\/label><input type=\"text\" id=\"wpforms-1089-field_0\" class=\"wpforms-field-medium wpforms-field-required\" name=\"wpforms[fields][0]\" required><\/div><div id=\"wpforms-1089-field_3-container\" class=\"wpforms-field wpforms-field-text\" data-field-id=\"3\"><label class=\"wpforms-field-label\" for=\"wpforms-1089-field_3\">Soci\u00e9t\u00e9 <span class=\"wpforms-required-label\">*<\/span><\/label><input type=\"text\" id=\"wpforms-1089-field_3\" class=\"wpforms-field-medium wpforms-field-required\" name=\"wpforms[fields][3]\" required><\/div><div id=\"wpforms-1089-field_6-container\" class=\"wpforms-field wpforms-field-text\" data-field-id=\"6\"><label class=\"wpforms-field-label\" for=\"wpforms-1089-field_6\">GLN num\u00e9ro<\/label><input type=\"text\" id=\"wpforms-1089-field_6\" class=\"wpforms-field-medium\" name=\"wpforms[fields][6]\" ><div class=\"wpforms-field-description\">Merci d&rsquo;indiquer votre GLN num\u00e9ro, si connu.<\/div><\/div><div id=\"wpforms-1089-field_1-container\" class=\"wpforms-field wpforms-field-email\" data-field-id=\"1\"><label class=\"wpforms-field-label\" for=\"wpforms-1089-field_1\">Courriel <span class=\"wpforms-required-label\">*<\/span><\/label><input type=\"email\" id=\"wpforms-1089-field_1\" class=\"wpforms-field-medium wpforms-field-required\" name=\"wpforms[fields][1]\" spellcheck=\"false\" required><\/div><div id=\"wpforms-1089-field_4-container\" class=\"wpforms-field wpforms-field-number\" data-field-id=\"4\"><label class=\"wpforms-field-label\" for=\"wpforms-1089-field_4\">No t\u00e9l\u00e9phone<\/label><input type=\"number\" pattern=\"\\d*\" id=\"wpforms-1089-field_4\" class=\"wpforms-field-medium\" name=\"wpforms[fields][4]\" ><\/div><div id=\"wpforms-1089-field_2-container\" class=\"wpforms-field wpforms-field-textarea\" data-field-id=\"2\"><label class=\"wpforms-field-label\" for=\"wpforms-1089-field_2\">Votre message <span class=\"wpforms-required-label\">*<\/span><\/label><textarea id=\"wpforms-1089-field_2\" class=\"wpforms-field-medium wpforms-field-required\" name=\"wpforms[fields][2]\" required><\/textarea><\/div><div id=\"wpforms-1089-field_5-container\" class=\"wpforms-field wpforms-field-text\" data-field-id=\"5\"><label class=\"wpforms-field-label\" for=\"wpforms-1089-field_5\">Enkele tekstregel<\/label><input type=\"text\" id=\"wpforms-1089-field_5\" class=\"wpforms-field-medium\" name=\"wpforms[fields][5]\" ><\/div><\/div><!-- .wpforms-field-container --><div class=\"wpforms-recaptcha-container wpforms-is-recaptcha\" ><div class=\"g-recaptcha\" data-sitekey=\"6Lev8xUTAAAAAE4qVVqcdTh_tVMAQ58-bH_Z2TqG\"><\/div><input type=\"text\" name=\"g-recaptcha-hidden\" class=\"wpforms-recaptcha-hidden\" style=\"position:absolute!important;clip:rect(0,0,0,0)!important;height:1px!important;width:1px!important;border:0!important;overflow:hidden!important;padding:0!important;margin:0!important;\" data-rule-recaptcha=\"1\"><\/div><div class=\"wpforms-submit-container\" ><input type=\"hidden\" name=\"wpforms[id]\" value=\"1089\"><input type=\"hidden\" name=\"wpforms[author]\" value=\"1\"><button type=\"submit\" name=\"wpforms[submit]\" id=\"wpforms-submit-1089\" class=\"wpforms-submit\" data-alt-text=\"Verzenden...\" data-submit-text=\"Envoyer\" aria-live=\"assertive\" value=\"wpforms-submit\">Envoyer<\/button><\/div><\/form><\/div>  <!-- .wpforms-container --><\/div>\n<\/div>\n","protected":false},"excerpt":{"rendered":"<p>Forfait mensuel \u00e0 10\u20ac commande des \u00e9tiquettes \u00e0 volont\u00e9. pas d&rsquo;autres charges. Remplissez notre fiche de contact et nous vous appelons au plus vite! Vos avantages: Commencez d\u00e8s aujourd&rsquo;hui avec SSCC, ne n\u00e9cessite aucun investissement initial au logiciel EDI. Economisez &hellip; <a href=\"http:\/\/sscclabels.com\/fr\/etiquettes-sscc-gratuites\/\">Lire la suite<\/a><\/p>\n","protected":false},"author":1,"featured_media":0,"parent":0,"menu_order":0,"comment_status":"closed","ping_status":"closed","template":"","meta":{"footnotes":""},"yoast_head":"<!-- This site is optimized with the Yoast SEO plugin v15.7 - https:\/\/yoast.com\/wordpress\/plugins\/seo\/ -->\n<title>Commandez aujourd&#039;hui vos \u00e9tiquettes SSCC - SSCCLabels.com<\/title>\n<meta name=\"description\" content=\"SSCCLabels.com: direct SSCC labels nodig?\" \/>\n<meta name=\"robots\" content=\"index, follow, max-snippet:-1, max-image-preview:large, max-video-preview:-1\" \/>\n<link rel=\"canonical\" href=\"http:\/\/sscclabels.com\/fr\/etiquettes-sscc-gratuites\/\" \/>\n<meta property=\"og:locale\" content=\"fr_FR\" \/>\n<meta property=\"og:type\" content=\"article\" \/>\n<meta property=\"og:title\" content=\"Commandez aujourd&#039;hui vos \u00e9tiquettes SSCC - SSCCLabels.com\" \/>\n<meta property=\"og:description\" content=\"SSCCLabels.com: direct SSCC labels nodig?\" \/>\n<meta property=\"og:url\" content=\"http:\/\/sscclabels.com\/fr\/etiquettes-sscc-gratuites\/\" \/>\n<meta property=\"og:site_name\" content=\"SSCCLabels.com\" \/>\n<meta property=\"article:modified_time\" content=\"2020-10-02T20:08:37+00:00\" \/>\n<meta name=\"twitter:card\" content=\"summary_large_image\" \/>\n<meta name=\"twitter:site\" content=\"@sscclabels\" \/>\n<script type=\"application\/ld+json\" class=\"yoast-schema-graph\">{\"@context\":\"https:\/\/schema.org\",\"@graph\":[{\"@type\":\"Organization\",\"@id\":\"https:\/\/sscclabels.com\/#organization\",\"name\":\"SSCCLabels.com\",\"url\":\"https:\/\/sscclabels.com\/\",\"sameAs\":[\"https:\/\/www.linkedin.com\/in\/sscclabels\/en\",\"https:\/\/twitter.com\/sscclabels\"],\"logo\":{\"@type\":\"ImageObject\",\"@id\":\"https:\/\/sscclabels.com\/#logo\",\"inLanguage\":\"fr-FR\",\"url\":\"http:\/\/sscclabels.com\/wp-content\/uploads\/2016\/01\/SSCCLABELS_LOGO_RGB_WEB_2015.png\",\"width\":251,\"height\":49,\"caption\":\"SSCCLabels.com\"},\"image\":{\"@id\":\"https:\/\/sscclabels.com\/#logo\"}},{\"@type\":\"WebSite\",\"@id\":\"https:\/\/sscclabels.com\/#website\",\"url\":\"https:\/\/sscclabels.com\/\",\"name\":\"SSCCLabels.com\",\"description\":\"snel en eenvoudig SSCC labels bestellen\",\"publisher\":{\"@id\":\"https:\/\/sscclabels.com\/#organization\"},\"potentialAction\":[{\"@type\":\"SearchAction\",\"target\":\"https:\/\/sscclabels.com\/?s={search_term_string}\",\"query-input\":\"required name=search_term_string\"}],\"inLanguage\":\"fr-FR\"},{\"@type\":\"WebPage\",\"@id\":\"http:\/\/sscclabels.com\/fr\/etiquettes-sscc-gratuites\/#webpage\",\"url\":\"http:\/\/sscclabels.com\/fr\/etiquettes-sscc-gratuites\/\",\"name\":\"Commandez aujourd'hui vos \\u00e9tiquettes SSCC - SSCCLabels.com\",\"isPartOf\":{\"@id\":\"https:\/\/sscclabels.com\/#website\"},\"datePublished\":\"2017-04-21T01:07:44+00:00\",\"dateModified\":\"2020-10-02T20:08:37+00:00\",\"description\":\"SSCCLabels.com: direct SSCC labels nodig?\",\"breadcrumb\":{\"@id\":\"http:\/\/sscclabels.com\/fr\/etiquettes-sscc-gratuites\/#breadcrumb\"},\"inLanguage\":\"fr-FR\",\"potentialAction\":[{\"@type\":\"ReadAction\",\"target\":[\"http:\/\/sscclabels.com\/fr\/etiquettes-sscc-gratuites\/\"]}]},{\"@type\":\"BreadcrumbList\",\"@id\":\"http:\/\/sscclabels.com\/fr\/etiquettes-sscc-gratuites\/#breadcrumb\",\"itemListElement\":[{\"@type\":\"ListItem\",\"position\":1,\"item\":{\"@type\":\"WebPage\",\"@id\":\"http:\/\/sscclabels.com\/fr\/\",\"url\":\"http:\/\/sscclabels.com\/fr\/\",\"name\":\"SSCCLabels.com\"}},{\"@type\":\"ListItem\",\"position\":2,\"item\":{\"@type\":\"WebPage\",\"@id\":\"http:\/\/sscclabels.com\/fr\/etiquettes-sscc-gratuites\/\",\"url\":\"http:\/\/sscclabels.com\/fr\/etiquettes-sscc-gratuites\/\",\"name\":\"Commandez aujourd&rsquo;hui vos \\u00e9tiquettes SSCC\"}}]}]}<\/script>\n<!-- \/ Yoast SEO plugin. -->","_links":{"self":[{"href":"http:\/\/sscclabels.com\/fr\/wp-json\/wp\/v2\/pages\/949"}],"collection":[{"href":"http:\/\/sscclabels.com\/fr\/wp-json\/wp\/v2\/pages"}],"about":[{"href":"http:\/\/sscclabels.com\/fr\/wp-json\/wp\/v2\/types\/page"}],"author":[{"embeddable":true,"href":"http:\/\/sscclabels.com\/fr\/wp-json\/wp\/v2\/users\/1"}],"replies":[{"embeddable":true,"href":"http:\/\/sscclabels.com\/fr\/wp-json\/wp\/v2\/comments?post=949"}],"version-history":[{"count":12,"href":"http:\/\/sscclabels.com\/fr\/wp-json\/wp\/v2\/pages\/949\/revisions"}],"predecessor-version":[{"id":1093,"href":"http:\/\/sscclabels.com\/fr\/wp-json\/wp\/v2\/pages\/949\/revisions\/1093"}],"wp:attachment":[{"href":"http:\/\/sscclabels.com\/fr\/wp-json\/wp\/v2\/media?parent=949"}],"curies":[{"name":"wp","href":"https:\/\/api.w.org\/{rel}","templated":true}]}}