{"id":964,"date":"2017-04-24T22:41:51","date_gmt":"2017-04-24T22:41:51","guid":{"rendered":"http:\/\/sscclabels.com\/?page_id=964\/"},"modified":"2017-05-01T10:01:30","modified_gmt":"2017-05-01T10:01:30","slug":"our-solutions","status":"publish","type":"page","link":"http:\/\/sscclabels.com\/fr\/our-solutions\/","title":{"rendered":"Nos solutions"},"content":{"rendered":"<p>&nbsp;<\/p>\n<p><strong>Cr\u00e9ez d\u00e8s aujourd&rsquo;hui vos \u00e9tiquettes SSCC (GS1)!<\/strong><\/p>\n<ul>\n<li>SSCCLabels.com est une solution en mode SaaS (Software-as-a-Service).<\/li>\n<li>Mise en oeuvre rapide et une grande souplesse d&rsquo;utilisation.<\/li>\n<li>Nos solutions sont accessibles \u00e0 tout type d\u2019organisation.<\/li>\n<li>Toutes les \u00e9tiquettes SSCC cr\u00e9\u00e9es par notre service sont conformes les normes GS1.<\/li>\n<li>Nous sommes des experts d&rsquo;EDI depuis 1991 et nous avons acquis une exp\u00e9rience solide.<\/li>\n<\/ul>\n<p>&nbsp;<\/p>\n<p><span style=\"color: #008000;\"><strong><em>Voulez-vous int\u00e9grer les messages\u00a0EDI \u00e0 vos proc\u00e9dures logistiques actuelles ou simplement am\u00e9liorer votre plateforme EDI\u00a0?<\/em><\/strong><\/span><\/p>\n<p><span style=\"color: #008000;\"><strong><em>Notre solution en mode SaaS (Software-as-a-Service) est adapt\u00e9e \u00e0 vos besoins.\u00a0N\u2019h\u00e9sitez pas de nous <span style=\"color: #ff6600;\"><a style=\"color: #ff6600;\" href=\"http:\/\/sscclabels.com\/fr\/etiquettes-sscc-gratuites\/\">contacter<\/a><\/span> pour d\u00e9couvrir nos offres.<\/em><\/strong><\/span><\/p>\n<p>&nbsp;<\/p>\n<p>&nbsp;<\/p>\n<p><span style=\"text-decoration: underline;\"><strong>Nos offres<\/strong><\/span><\/p>\n<p><span style=\"color: #ff6600;\"><strong>\u00a0<\/strong><\/span><\/p>\n\n<ul class=\"nav nav-tabs sc_tabs kt-tabs kt-sc-tabs kt-tabs-style1\"><li class=\"active\"><a href=\"#sctab89250\"><strong>Sans pr\u00e9avis d\u2019exp\u00e9dition EDI<\/strong><\/a><\/li>\n<li class=\"\"><a href=\"#sctab89251\"><strong>Avec un pr\u00e9avis d\u2019exp\u00e9dition EDI<\/strong><\/a><\/li><\/ul> <div class=\"tab-content kt-tab-content postclass\"><div class=\"tab-pane clearfix active\" id=\"sctab89250\">\n<ol>\n<li>Envoyez-nous\u00a0les informations n\u00e9cessaires concernant vos produits et vos partenaires commerciaux.<\/li>\n<li>On cr\u00e9e des \u00e9tiquettes SSCC conforme aux normes GS1, tous les champs requis et le code barre inclus.<\/li>\n<li>On les vous renvoie par courriel au format PDF,<\/li>\n<li>Vous les imprimez et les collez sur vos colis.<\/li>\n<li>Vos marchandises sont pr\u00eates \u00e0 l\u2019exp\u00e9dition.<\/li>\n<\/ol>\n<p>C&rsquo;est possible d\u2019utiliser les \u00e9tiquettes SSCC sans pr\u00e9avis d\u2019exp\u00e9dition EDI. Les informations du produit figurant sur l\u2019avis d\u2019exp\u00e9dition seront mentionn\u00e9es sur l\u2019\u00e9tiquette SSCC. L\u2019utilisation des \u00e9tiquettes SSCC vous permet et vos clients de rep\u00e9rer pr\u00e9cis\u00e9ment vos colis \u00e0 tout moment.<\/p>\n<p>Notre \u00e9quipe de professionnels est \u00e0 votre service pour r\u00e9pondre \u00e0 toutes vos questions concernant nos services SSCC et EDI.<\/p>\n<\/div>\n<div class=\"tab-pane clearfix \" id=\"sctab89251\">\n<p><strong>Do you already use EDI and SSCC numbers in your DESADV message?<\/strong><\/p>\n<div id=\"mainscreen\">\n<div id=\"mainscreencontent\">\n<div id=\"mailview-right\" class=\"uibox\">\n<div id=\"messagecontent\">\n<div class=\"leftcol\">\n<div id=\"messagebody\">\n<div id=\"message-htmlpart1\" class=\"message-htmlpart\">\n<div class=\"rcmBody\">\n<p>Vous utilisez d\u00e9j\u00e0 d&rsquo;EDI and SSCC dans vos messages DESADV?<\/p>\n<p>Alors c\u2019est encore plus simple! Tout les infos qu&rsquo;on a besoin de proc\u00e9der est inclus dans votre message DESADV.<\/p>\n<ol>\n<li>Envoyez-nous vos messages EDI DESADV.<\/li>\n<li>On cr\u00e9e vos \u00e9tiquettes SSCC.<\/li>\n<li>On les vous renvoie par courriel au format PDF.<\/li>\n<li>Vous les imprimez et les collez sur vos colis d\u2019exp\u00e9ditions,<\/li>\n<li>Vos marchandises sont alors pr\u00eates \u00e0 l\u2019exp\u00e9dition.<\/li>\n<\/ol>\n<p>Notre \u00e9quipe de professionnels est \u00e0 votre service pour r\u00e9pondre \u00e0 toutes vos questions concernant nos services SSCC et EDI.<\/p>\n<\/div><\/div>\n\n<p>&nbsp;<\/p>\n<p>&nbsp;<\/p>\n<p>&nbsp;<\/p>\n<p>&nbsp;<\/p>\n<p>&nbsp;<\/p>\n<p>&nbsp;<\/p>\n<p>&nbsp;<\/p>\n<p>&nbsp;<\/p>\n","protected":false},"excerpt":{"rendered":"<p>&nbsp; Cr\u00e9ez d\u00e8s aujourd&rsquo;hui vos \u00e9tiquettes SSCC (GS1)! SSCCLabels.com est une solution en mode SaaS (Software-as-a-Service). Mise en oeuvre rapide et une grande souplesse d&rsquo;utilisation. Nos solutions sont accessibles \u00e0 tout type d\u2019organisation. Toutes les \u00e9tiquettes SSCC cr\u00e9\u00e9es par notre &hellip; <a href=\"http:\/\/sscclabels.com\/fr\/our-solutions\/\">Lire la suite<\/a><\/p>\n","protected":false},"author":1,"featured_media":0,"parent":0,"menu_order":0,"comment_status":"closed","ping_status":"closed","template":"","meta":{"footnotes":""},"yoast_head":"<!-- This site is optimized with the Yoast SEO plugin v15.7 - https:\/\/yoast.com\/wordpress\/plugins\/seo\/ -->\n<title>Nos solutions - SSCCLabels.com<\/title>\n<meta name=\"description\" content=\"SSCCLabels.com: direct SSCC labels nodig?\" \/>\n<meta name=\"robots\" content=\"index, follow, max-snippet:-1, max-image-preview:large, max-video-preview:-1\" \/>\n<link rel=\"canonical\" href=\"http:\/\/sscclabels.com\/fr\/our-solutions\/\" \/>\n<meta property=\"og:locale\" content=\"fr_FR\" \/>\n<meta property=\"og:type\" content=\"article\" \/>\n<meta property=\"og:title\" content=\"Nos solutions - SSCCLabels.com\" \/>\n<meta property=\"og:description\" content=\"SSCCLabels.com: direct SSCC labels nodig?\" \/>\n<meta property=\"og:url\" content=\"http:\/\/sscclabels.com\/fr\/our-solutions\/\" \/>\n<meta property=\"og:site_name\" content=\"SSCCLabels.com\" \/>\n<meta property=\"article:modified_time\" content=\"2017-05-01T10:01:30+00:00\" \/>\n<meta name=\"twitter:card\" content=\"summary_large_image\" \/>\n<meta name=\"twitter:site\" content=\"@sscclabels\" \/>\n<meta name=\"twitter:label1\" content=\"Dur\u00e9e de lecture est.\">\n\t<meta name=\"twitter:data1\" content=\"2 minutes\">\n<script type=\"application\/ld+json\" class=\"yoast-schema-graph\">{\"@context\":\"https:\/\/schema.org\",\"@graph\":[{\"@type\":\"Organization\",\"@id\":\"https:\/\/sscclabels.com\/en\/#organization\",\"name\":\"SSCCLabels.com\",\"url\":\"https:\/\/sscclabels.com\/en\/\",\"sameAs\":[\"https:\/\/www.linkedin.com\/in\/sscclabels\/en\",\"https:\/\/twitter.com\/sscclabels\"],\"logo\":{\"@type\":\"ImageObject\",\"@id\":\"https:\/\/sscclabels.com\/en\/#logo\",\"inLanguage\":\"fr-FR\",\"url\":\"http:\/\/sscclabels.com\/wp-content\/uploads\/2016\/01\/SSCCLABELS_LOGO_RGB_WEB_2015.png\",\"width\":251,\"height\":49,\"caption\":\"SSCCLabels.com\"},\"image\":{\"@id\":\"https:\/\/sscclabels.com\/en\/#logo\"}},{\"@type\":\"WebSite\",\"@id\":\"https:\/\/sscclabels.com\/en\/#website\",\"url\":\"https:\/\/sscclabels.com\/en\/\",\"name\":\"SSCCLabels.com\",\"description\":\"snel en eenvoudig SSCC labels bestellen\",\"publisher\":{\"@id\":\"https:\/\/sscclabels.com\/en\/#organization\"},\"potentialAction\":[{\"@type\":\"SearchAction\",\"target\":\"https:\/\/sscclabels.com\/en\/?s={search_term_string}\",\"query-input\":\"required name=search_term_string\"}],\"inLanguage\":\"fr-FR\"},{\"@type\":\"WebPage\",\"@id\":\"http:\/\/sscclabels.com\/fr\/our-solutions\/#webpage\",\"url\":\"http:\/\/sscclabels.com\/fr\/our-solutions\/\",\"name\":\"Nos solutions - SSCCLabels.com\",\"isPartOf\":{\"@id\":\"https:\/\/sscclabels.com\/en\/#website\"},\"datePublished\":\"2017-04-24T22:41:51+00:00\",\"dateModified\":\"2017-05-01T10:01:30+00:00\",\"description\":\"SSCCLabels.com: direct SSCC labels nodig?\",\"breadcrumb\":{\"@id\":\"http:\/\/sscclabels.com\/fr\/our-solutions\/#breadcrumb\"},\"inLanguage\":\"fr-FR\",\"potentialAction\":[{\"@type\":\"ReadAction\",\"target\":[\"http:\/\/sscclabels.com\/fr\/our-solutions\/\"]}]},{\"@type\":\"BreadcrumbList\",\"@id\":\"http:\/\/sscclabels.com\/fr\/our-solutions\/#breadcrumb\",\"itemListElement\":[{\"@type\":\"ListItem\",\"position\":1,\"item\":{\"@type\":\"WebPage\",\"@id\":\"https:\/\/sscclabels.com\/fr\/\",\"url\":\"https:\/\/sscclabels.com\/fr\/\",\"name\":\"SSCCLabels.com\"}},{\"@type\":\"ListItem\",\"position\":2,\"item\":{\"@type\":\"WebPage\",\"@id\":\"http:\/\/sscclabels.com\/fr\/our-solutions\/\",\"url\":\"http:\/\/sscclabels.com\/fr\/our-solutions\/\",\"name\":\"Nos solutions\"}}]}]}<\/script>\n<!-- \/ Yoast SEO plugin. -->","_links":{"self":[{"href":"http:\/\/sscclabels.com\/fr\/wp-json\/wp\/v2\/pages\/964"}],"collection":[{"href":"http:\/\/sscclabels.com\/fr\/wp-json\/wp\/v2\/pages"}],"about":[{"href":"http:\/\/sscclabels.com\/fr\/wp-json\/wp\/v2\/types\/page"}],"author":[{"embeddable":true,"href":"http:\/\/sscclabels.com\/fr\/wp-json\/wp\/v2\/users\/1"}],"replies":[{"embeddable":true,"href":"http:\/\/sscclabels.com\/fr\/wp-json\/wp\/v2\/comments?post=964"}],"version-history":[{"count":7,"href":"http:\/\/sscclabels.com\/fr\/wp-json\/wp\/v2\/pages\/964\/revisions"}],"predecessor-version":[{"id":1011,"href":"http:\/\/sscclabels.com\/fr\/wp-json\/wp\/v2\/pages\/964\/revisions\/1011"}],"wp:attachment":[{"href":"http:\/\/sscclabels.com\/fr\/wp-json\/wp\/v2\/media?parent=964"}],"curies":[{"name":"wp","href":"https:\/\/api.w.org\/{rel}","templated":true}]}}