{"id":971,"date":"2017-04-24T23:00:20","date_gmt":"2017-04-24T23:00:20","guid":{"rendered":"http:\/\/sscclabels.com\/?page_id=971\/"},"modified":"2017-05-01T19:29:07","modified_gmt":"2017-05-01T19:29:07","slug":"why-sscc","status":"publish","type":"page","link":"http:\/\/sscclabels.com\/fr\/why-sscc\/","title":{"rendered":"SSCC, pourquoi?"},"content":{"rendered":"\n<ul class=\"nav nav-tabs sc_tabs kt-tabs kt-sc-tabs kt-tabs-style1\"><li class=\"active\"><a href=\"#sctab94660\">SSCC, pourquoi?<\/a><\/li>\n<li class=\"\"><a href=\"#sctab94661\"><strong>Format des \u00e9tiquettes SSCC<\/strong><\/a><\/li>\n<li class=\"\"><a href=\"#sctab94662\">SSCC-18 Barcodes<\/a><\/li>\n<li class=\"\"><a href=\"#sctab94663\">L\u2019histoire du code barre<\/a><\/li><\/ul> <div class=\"tab-content kt-tab-content postclass\"><div class=\"tab-pane clearfix active\" id=\"sctab94660\">\n<p>L\u2019utilisation des \u00e9tiquettes SSCC est tr\u00e8s accr\u00e9dit\u00e9e dans le secteur du commerce (Supermarch\u00e9s, habillement et textile, pharmacie, floriculture), mais aussi dans de nombreux d&rsquo;autres secteurs d\u2019activit\u00e9.<\/p>\n<p>SSCC est conforme aux standards internationaux pour le marquage des unit\u00e9s consommateurs, logistiques et d&rsquo;exp\u00e9dition. \u00c7a permet de mieux localiser vos expeditions ce qui am\u00e9liore les op\u00e9rations logistiques.<\/p>\n<p>L\u2019utilisation du SSCC simplifie sensiblement la gestion des stocks pour les fournisseurs et r\u00e9duit les d\u00e9lais de livraison pour les clients. Ses b\u00e9n\u00e9fices profitent \u00e0 l\u2019ensemble de la cha\u00eene logistique et conduisent \u00e0 une r\u00e9duction significative des co\u00fbts logistiques.<\/p>\n<p>&nbsp;<\/p>\n<p><strong>Quels sont les b\u00e9n\u00e9fices du SSCC\u00a0?<\/strong><\/p>\n<ul>\n<li>Economisez jusqu\u2019\u00e0 80% de vos co\u00fbts logistiques en simplifiant l&rsquo;op\u00e9ration d\u2019exp\u00e9dition et de r\u00e9ception avec vos clients.<\/li>\n<li>Rationalisation de l\u2019activit\u00e9 de vos chauffeurs gr\u00e2ce \u00e0 la r\u00e9duction du temps d\u2019attente.<\/li>\n<li>Am\u00e9lioration de vos \u00e9tats d\u2019inventaire gr\u00e2ce \u00e0 l\u2019int\u00e9gration \u00e0 votre Warehouse Management System\u00a0(WMS).<\/li>\n<li>Tra\u00e7abilit\u00e9 gr\u00e2ce au code barre.<\/li>\n<\/ul>\n<p>&nbsp;<\/p>\n<div class=\"kad-youtube-shortcode videofit\"  ><iframe loading=\"lazy\" width=\"600\" height=\"400\" src=\"\/\/www.youtube.com\/embed\/4gd5lnNU9tk?autoplay=0&amp;controls=1&amp;fs=1&amp;modestbranding=0&amp;theme=dark&amp;rel=0&amp;loop=0\" frameborder=\"0\" allowfullscreen=\"true\"><\/iframe><\/div>\n<h6>Source: GS1 Nederland<br \/>\n<\/div>\n<div class=\"tab-pane clearfix \" id=\"sctab94661\"><\/h6>\n<p>&nbsp;<\/p>\n<p>L\u2019acronyme SSCC signifie Serial Shipping Container Code. SSCC est un code d\u2019exp\u00e9dition reconnu internationalement. Il se pr\u00e9sente sous la forme d\u2019un code barre appliqu\u00e9 par les fournisseurs sur les marchandises.<\/p>\n<p>&nbsp;<\/p>\n<p><strong>Example d&rsquo;une \u00e9tiquette SSCC A5\u00a0<\/strong><\/p>\n<p>&nbsp;<\/p>\n<p><img loading=\"lazy\" decoding=\"async\" class=\"alignnone size-full wp-image-1020\" src=\"http:\/\/sscclabels.com\/wp-content\/uploads\/2017\/04\/sscclabel-gs1-voorbeeld-A5-frans.png\" alt=\"\" width=\"772\" height=\"630\" srcset=\"http:\/\/sscclabels.com\/wp-content\/uploads\/2017\/04\/sscclabel-gs1-voorbeeld-A5-frans.png 772w, http:\/\/sscclabels.com\/wp-content\/uploads\/2017\/04\/sscclabel-gs1-voorbeeld-A5-frans-300x245.png 300w, http:\/\/sscclabels.com\/wp-content\/uploads\/2017\/04\/sscclabel-gs1-voorbeeld-A5-frans-768x627.png 768w\" sizes=\"(max-width: 772px) 100vw, 772px\" \/><\/p>\n<h6>Source: GS1 Nederland<br \/>\n<\/div>\n<div class=\"tab-pane clearfix \" id=\"sctab94662\">\n<p>&nbsp;<\/p>\n<p><img loading=\"lazy\" decoding=\"async\" class=\"alignnone size-full wp-image-584\" src=\"http:\/\/sscclabels.com\/wp-content\/uploads\/2014\/02\/gsi-sscc-label.png\" alt=\"gsi sscc label\" width=\"471\" height=\"367\" srcset=\"http:\/\/sscclabels.com\/wp-content\/uploads\/2014\/02\/gsi-sscc-label.png 471w, http:\/\/sscclabels.com\/wp-content\/uploads\/2014\/02\/gsi-sscc-label-300x234.png 300w\" sizes=\"(max-width: 471px) 100vw, 471px\" \/><\/p>\n<p>&nbsp;<\/p>\n<ul>\n<li><strong>Identifiant AI<\/strong>AI 00 indique qu\u2019il s\u2019agit de donn\u00e9es structur\u00e9es selon la norme SSCC-18. Cependant l\u2019AI peut prendre diff\u00e9rentes valeurs selon les applications indiquant le nombre de conteneurs, le num\u00e9ro de lot, la date d\u2019expiration, etc\u2026 Mais pour les \u00e9tiquettes SSCC-18 commencent toujours par 00.<\/li>\n<li><strong>Extension digit<\/strong>L\u2019extension digit ou num\u00e9ro d\u2019extension n\u2019a pas de logique d\u00e9finie et sert \u00e0 accro\u00eetre la capacit\u00e9 de codage.<\/li>\n<li><strong>Le pr\u00e9fixe GS1 de la soci\u00e9t\u00e9<\/strong>Il affiche le code GS1 GLN (Global Location Code ou le num\u00e9ro EAN de votre soci\u00e9t\u00e9) de votre organisation.<\/li>\n<li><strong>Num\u00e9ro de s\u00e9rie<\/strong>Le num\u00e9ro de s\u00e9rie est appliqu\u00e9 par l\u2019organisation propri\u00e9taire du pr\u00e9fixe GS1. Il sert \u00e0 identifier de mani\u00e8re unique un colis d\u2019exp\u00e9dition (unit\u00e9 logistique). Un num\u00e9ro de s\u00e9rie ne peut pas \u00eatre r\u00e9utilis\u00e9 avant un d\u00e9lai de 12 mois. La longueur combin\u00e9e du pr\u00e9fixe GS1 de la soci\u00e9t\u00e9 et du num\u00e9ro de s\u00e9rie est toujours de 16 chiffres.<\/li>\n<li><strong>Check digit<\/strong>C\u2019est un num\u00e9ro de contr\u00f4le. Il sert \u00e0 v\u00e9rifier que les informations du code barre ont \u00e9t\u00e9 saisies correctement.<\/li>\n<\/ul>\n<\/div>\n<div class=\"tab-pane clearfix \" id=\"sctab94663\">\n<p>&nbsp;<\/p>\n<p><strong>Comme beaucoup d\u2019inventions, le code-barres est apparu en r\u00e9ponse \u00e0 un probl\u00e8me. Sans l\u2019invention du laser, notre code barre actuel n\u2019aurait jamais vu le jour. Mais d\u00e9couvrons plus en d\u00e9tails l\u2019histoire du code-barres\u2026<\/strong><\/p>\n<p>La premi\u00e8re invention ressemblant le plus un code-barres fut le fruit du travail de Bernard Silver et Norman Woodland au d\u00e9but des ann\u00e9es 1950. En 1952, ces 2 hommes ont enregistr\u00e9 un brevet sur un concept pouvant \u00eatre appel\u00e9 code-barres. Ce n\u2019\u00e9tait pas encore de forme rectangulaire mais form\u00e9 de cercles concentriques ressemblant \u00e0 une cible de jeu de fl\u00e9chettes. Le syst\u00e8me de lecture \u00e9tait aussi d\u00e9crit dans le brevet. Mais la technologie n\u2019\u00e9tait pas encore assez avanc\u00e9e pour permettre l\u2019impression claire du code, ce faisant ce brevet ne fut pas imm\u00e9diatement appliqu\u00e9. Faute de qualit\u00e9 d\u2019impression satisfaisante, le scannage du code \u00e9tait loin d\u2019\u00eatre optimal et fiable. Le scanner connaissait lui aussi des probl\u00e8mes techniques. La technologie tomba donc dans les oubliettes, pour quelques ann\u00e9es tout du moins\u2026<\/p>\n<p>&nbsp;<\/p>\n<p>En 1959, la Pennsylvania RailRoad cherchait un moyen d\u2019automatiser l\u2019identification des locomotives et des wagons. L\u2019ing\u00e9nieur David Collins fut choisi pour mener ce projet et inventa un syst\u00e8me appel\u00e9 \u00ab\u00a0Kar Trak\u00a0\u00bb. L\u2019aspect commen\u00e7ait alors \u00e0 ressembler \u00e0 notre code-barres actuel avec sa forme rectangulaire, mais le syst\u00e8me \u00e9tait compos\u00e9 de points r\u00e9flectifs rouges et bleus sens\u00e9s cr\u00e9er un code unique. Cependant des facteurs \u00e9conomiques et des probl\u00e8mes li\u00e9s \u00e0 l\u2019\u00e9tat de propret\u00e9 des stations de train entra\u00een\u00e8rent l\u2019arr\u00eat pr\u00e9matur\u00e9 du projet. Cependant Collins compris tout le potentiel de cette technologie qu\u2019il continuera \u00e0 d\u00e9velopper par la suite.<\/p>\n<p>&nbsp;<\/p>\n<p>Pendant la m\u00eame p\u00e9riode, Charles Townes et Arthur Schawlow de Bell Labs travaillaient sur une technologie appel\u00e9 MASER (comme le LASER mais au lieu d\u2019utiliser la lumi\u00e8re [lettre L] ils travaillaient avec des signaux radios ondes courtes ou Microwave [lettre M]). En 1957, un \u00e9tudiant appel\u00e9 Gordon Gould sugg\u00e9ra que la technologie MASER fonctionnerait mieux avec la lumi\u00e8re plut\u00f4t qu\u2019avec les signaux radios ondes courtes\u00a0: le LASER \u00e9tait n\u00e9 (Light Amplification by Stimulated Emission of Radiation). Les \u00e9missions stimul\u00e9es ont \u00e9t\u00e9 originellement d\u00e9velopp\u00e9es dans les th\u00e9ories d\u2019Albert Einstein.<\/p>\n<p>&nbsp;<\/p>\n<p>David Collins n\u2019avait pas abandonn\u00e9 ces recherches et fonda en 1957 une entreprise appel\u00e9 Identics Corporation. Il investit lourdement dans la technologie LASER afin de lire des codes en noir et blanc. Identics livra son premier syst\u00e8me \u00e0 l\u2019entreprise General Motors \u00e0 l\u2019usine de Flint dans le Michigan. Le syst\u00e8me devait identifier des bo\u00eetes de vitesse sur une ligne de production. L\u2019US Postal Service commen\u00e7a aussi \u00e0 s\u2019int\u00e9resser \u00e0 cette technologie\u00a0: ils souhaitaient un syst\u00e8me capable d\u2019enregistrer les mouvements de v\u00e9hicules. Le producteur d\u2019alimentation animale KalKan \u00e0 son tour \u00e9tait \u00e0 la recherche d\u2019un moyen peu co\u00fbteux et simple pour g\u00e9rer son entrep\u00f4t. Le code-barres commen\u00e7ait lentement \u00e0 s\u2019imposer\u2026<\/p>\n<p>&nbsp;<\/p>\n<p>n 1966, l\u2019association des cha\u00eenes de supermarch\u00e9s am\u00e9ricaine appel\u00e9e NAFC (National Association of Food Chains) d\u00e9cida d\u2019\u00e9tudier la possibilit\u00e9 d\u2019impl\u00e9menter cette technologie dans les supermarch\u00e9s. Le brevet de Woodland fut achet\u00e9 et il fut d\u00e9cid\u00e9 de tester le concept dans un supermarch\u00e9 de Cincinnati. Cependant, le syst\u00e8me se r\u00e9v\u00e9la encore imparfait et n\u00e9cessitait des am\u00e9liorations pour \u00eatre compl\u00e8tement op\u00e9rationnel.<\/p>\n<p>&nbsp;<\/p>\n<p>La NAFC forma une \u00e9quipe qui d\u00e9finira les bases des codes-barres tels qu\u2019ils sont connus aujourd\u2019hui et continuera le d\u00e9veloppement de la technologie. Beaucoup de probl\u00e8mes n\u00e9cessitaient d\u2019\u00eatre r\u00e9solu comme le syst\u00e8me de lecture (sensible \u00e0 la chaleur et aux distorsions) ou le syst\u00e8me d\u2019impression (\u00e9talement de l\u2019encre caus\u00e9 par un s\u00e9chage trop lent). Mais finalement, le 26 juin 1974, le premier syst\u00e8me entra en production\u00a0: un paquet de chewing gum Wrigley Juicy Fruit fut le premier article scann\u00e9 dans un supermarch\u00e9. L\u2019honneur revint au supermarch\u00e9 de Troy dans l\u2019Ohio.<\/p>\n<div class=\"hrule clearfix\"><\/div>\n<h6 class=\"js-post-body\" tabindex=\"0\">Source: \u00e9crit par John Nachtrieb<\/h6>\n<p><strong><\/div><\/div>\n<\/h6>\n<p>&nbsp;<\/p>\n<p>&nbsp;<\/p>\n<p class=\"js-post-body\">\n","protected":false},"excerpt":{"rendered":"<p>&nbsp; &nbsp;<\/p>\n","protected":false},"author":1,"featured_media":0,"parent":0,"menu_order":0,"comment_status":"open","ping_status":"open","template":"","meta":{"footnotes":""},"yoast_head":"<!-- This site is optimized with the Yoast SEO plugin v15.7 - https:\/\/yoast.com\/wordpress\/plugins\/seo\/ -->\n<title>SSCC, pourquoi? - SSCCLabels.com<\/title>\n<meta name=\"description\" content=\"SSCCLabels.com: direct SSCC labels nodig?\" \/>\n<meta name=\"robots\" content=\"index, follow, max-snippet:-1, max-image-preview:large, max-video-preview:-1\" \/>\n<link rel=\"canonical\" href=\"http:\/\/sscclabels.com\/fr\/why-sscc\/\" \/>\n<meta property=\"og:locale\" content=\"fr_FR\" \/>\n<meta property=\"og:type\" content=\"article\" \/>\n<meta property=\"og:title\" content=\"SSCC, pourquoi? - SSCCLabels.com\" \/>\n<meta property=\"og:description\" content=\"SSCCLabels.com: direct SSCC labels nodig?\" \/>\n<meta property=\"og:url\" content=\"http:\/\/sscclabels.com\/fr\/why-sscc\/\" \/>\n<meta property=\"og:site_name\" content=\"SSCCLabels.com\" \/>\n<meta property=\"article:modified_time\" content=\"2017-05-01T19:29:07+00:00\" \/>\n<meta property=\"og:image\" content=\"http:\/\/sscclabels.com\/wp-content\/uploads\/2017\/04\/sscclabel-gs1-voorbeeld-A5-frans.png\" \/>\n<meta name=\"twitter:card\" content=\"summary_large_image\" \/>\n<meta name=\"twitter:site\" content=\"@sscclabels\" \/>\n<meta name=\"twitter:label1\" content=\"Dur\u00e9e de lecture est.\">\n\t<meta name=\"twitter:data1\" content=\"6 minutes\">\n<script type=\"application\/ld+json\" class=\"yoast-schema-graph\">{\"@context\":\"https:\/\/schema.org\",\"@graph\":[{\"@type\":\"Organization\",\"@id\":\"https:\/\/sscclabels.com\/en\/#organization\",\"name\":\"SSCCLabels.com\",\"url\":\"https:\/\/sscclabels.com\/en\/\",\"sameAs\":[\"https:\/\/www.linkedin.com\/in\/sscclabels\/en\",\"https:\/\/twitter.com\/sscclabels\"],\"logo\":{\"@type\":\"ImageObject\",\"@id\":\"https:\/\/sscclabels.com\/en\/#logo\",\"inLanguage\":\"fr-FR\",\"url\":\"http:\/\/sscclabels.com\/wp-content\/uploads\/2016\/01\/SSCCLABELS_LOGO_RGB_WEB_2015.png\",\"width\":251,\"height\":49,\"caption\":\"SSCCLabels.com\"},\"image\":{\"@id\":\"https:\/\/sscclabels.com\/en\/#logo\"}},{\"@type\":\"WebSite\",\"@id\":\"https:\/\/sscclabels.com\/en\/#website\",\"url\":\"https:\/\/sscclabels.com\/en\/\",\"name\":\"SSCCLabels.com\",\"description\":\"snel en eenvoudig SSCC labels bestellen\",\"publisher\":{\"@id\":\"https:\/\/sscclabels.com\/en\/#organization\"},\"potentialAction\":[{\"@type\":\"SearchAction\",\"target\":\"https:\/\/sscclabels.com\/en\/?s={search_term_string}\",\"query-input\":\"required name=search_term_string\"}],\"inLanguage\":\"fr-FR\"},{\"@type\":\"ImageObject\",\"@id\":\"http:\/\/sscclabels.com\/fr\/why-sscc\/#primaryimage\",\"inLanguage\":\"fr-FR\",\"url\":\"http:\/\/sscclabels.com\/wp-content\/uploads\/2017\/04\/sscclabel-gs1-voorbeeld-A5-frans.png\",\"width\":772,\"height\":630},{\"@type\":\"WebPage\",\"@id\":\"http:\/\/sscclabels.com\/fr\/why-sscc\/#webpage\",\"url\":\"http:\/\/sscclabels.com\/fr\/why-sscc\/\",\"name\":\"SSCC, pourquoi? - SSCCLabels.com\",\"isPartOf\":{\"@id\":\"https:\/\/sscclabels.com\/en\/#website\"},\"primaryImageOfPage\":{\"@id\":\"http:\/\/sscclabels.com\/fr\/why-sscc\/#primaryimage\"},\"datePublished\":\"2017-04-24T23:00:20+00:00\",\"dateModified\":\"2017-05-01T19:29:07+00:00\",\"description\":\"SSCCLabels.com: direct SSCC labels nodig?\",\"breadcrumb\":{\"@id\":\"http:\/\/sscclabels.com\/fr\/why-sscc\/#breadcrumb\"},\"inLanguage\":\"fr-FR\",\"potentialAction\":[{\"@type\":\"ReadAction\",\"target\":[\"http:\/\/sscclabels.com\/fr\/why-sscc\/\"]}]},{\"@type\":\"BreadcrumbList\",\"@id\":\"http:\/\/sscclabels.com\/fr\/why-sscc\/#breadcrumb\",\"itemListElement\":[{\"@type\":\"ListItem\",\"position\":1,\"item\":{\"@type\":\"WebPage\",\"@id\":\"https:\/\/sscclabels.com\/fr\/\",\"url\":\"https:\/\/sscclabels.com\/fr\/\",\"name\":\"SSCCLabels.com\"}},{\"@type\":\"ListItem\",\"position\":2,\"item\":{\"@type\":\"WebPage\",\"@id\":\"http:\/\/sscclabels.com\/fr\/why-sscc\/\",\"url\":\"http:\/\/sscclabels.com\/fr\/why-sscc\/\",\"name\":\"SSCC, pourquoi?\"}}]}]}<\/script>\n<!-- \/ Yoast SEO plugin. -->","_links":{"self":[{"href":"http:\/\/sscclabels.com\/fr\/wp-json\/wp\/v2\/pages\/971"}],"collection":[{"href":"http:\/\/sscclabels.com\/fr\/wp-json\/wp\/v2\/pages"}],"about":[{"href":"http:\/\/sscclabels.com\/fr\/wp-json\/wp\/v2\/types\/page"}],"author":[{"embeddable":true,"href":"http:\/\/sscclabels.com\/fr\/wp-json\/wp\/v2\/users\/1"}],"replies":[{"embeddable":true,"href":"http:\/\/sscclabels.com\/fr\/wp-json\/wp\/v2\/comments?post=971"}],"version-history":[{"count":8,"href":"http:\/\/sscclabels.com\/fr\/wp-json\/wp\/v2\/pages\/971\/revisions"}],"predecessor-version":[{"id":1021,"href":"http:\/\/sscclabels.com\/fr\/wp-json\/wp\/v2\/pages\/971\/revisions\/1021"}],"wp:attachment":[{"href":"http:\/\/sscclabels.com\/fr\/wp-json\/wp\/v2\/media?parent=971"}],"curies":[{"name":"wp","href":"https:\/\/api.w.org\/{rel}","templated":true}]}}